{"id":519,"date":"2019-02-25T19:50:40","date_gmt":"2019-02-25T18:50:40","guid":{"rendered":"http:\/\/bravarmont.hr\/pravila-privatnosti\/"},"modified":"2019-02-25T21:57:09","modified_gmt":"2019-02-25T20:57:09","slug":"datenschutzrichtlinie","status":"publish","type":"page","link":"https:\/\/bravarmont.hr\/de\/datenschutzrichtlinie\/","title":{"rendered":"Datenschutzrichtlinie"},"content":{"rendered":"<p>Bravar-Mont d.o.o. ist bestrebt, Ihre Privatsph\u00e4re zu sch\u00fctzen und Technologien zu entwickeln, die Ihnen die beste und sicherere Online-Erfahrung bieten. Diese Datenschutzerkl\u00e4rung gilt f\u00fcr das Bravar-Mont d.o.o. Web-Ziel und bestimmt die Erhebung und Verwendung von Daten. Durch die Verwendung von Bravar-Mont d.o.o. Sie erkl\u00e4ren sich damit einverstanden, die in dieser Erkl\u00e4rung beschriebenen Daten zu verwenden.<\/p>\n<h3> SAMMLUNG IHRER PERS\u00d6NLICHEN DATEN <\/h3>\n<p>Bravar-Mont d.o.o. sammelt pers\u00f6nliche Informationen wie E-Mail-Adressen, Name, Privat- oder Gesch\u00e4ftsadresse oder Telefonnummer. Bravar-Mont d.o.o. Es erfasst auch anonyme demografische Informationen, die nicht ausschlie\u00dflich mit Ihnen in Verbindung stehen, wie Postleitzahl, Alter, Geschlecht, Vorlieben, Interessen und Favoriten.<br \/>\nDar\u00fcber hinaus erhalten Sie Informationen \u00fcber die Hard- und Software Ihres Computers, die von Bravar-Mont d.o.o automatisch erfasst werden. Diese Informationen k\u00f6nnen Ihre IP-Adresse, den Typ Ihres Webbrowsers, Dom\u00e4nennamen, Zugriffszeiten und die Webseite enthalten, die Sie gesendet hat. Diese Informationen werden von Bravar-Mont d.o.o verwendet. zur Aufrechterhaltung des Servicelevels und zur Erstellung allgemeiner Statistiken zur Verwendung von Bravar-Mont d.o.o. Website.<\/p>\n<p>Bitte beachten Sie, dass, wenn Sie pers\u00f6nliche Informationen oder vertrauliche vertrauliche Informationen mithilfe von \u00f6ffentlichen Message Boards (z. B. Foren oder Blogs) bei Bravar-Mont d.o.o. offen legen, diese Informationen m\u00f6glicherweise von Dritten erfasst werden. Hinweis: Bravar-Mont d.o.o. liest Ihre private Online-Kommunikation nicht.<\/p>\n<p>Bravar-Mont d.o.o. fordert Sie auf, die Datenschutzerkl\u00e4rung der Websites, auf die Sie sich bei Bravar-Mont d.o.o beziehen, zu \u00fcberpr\u00fcfen. um zu verstehen, wie diese Websites Ihre Informationen sammeln und weitergeben.<\/p>\n<h3> VERWENDUNG IHRER PERS\u00d6NLICHEN DATEN <\/h3>\n<p>Bravar-Mont d.o.o. sammelt und verwendet Ihre pers\u00f6nlichen Informationen, um die Funktionalit\u00e4t von Bravar-Mont d.o.o zu erhalten. Website und bieten die von Ihnen gew\u00fcnschten Dienstleistungen an. Bravar-Mont d.o.o. Er verwendet auch Ihre pers\u00f6nlichen Informationen, um Sie \u00fcber neue Produkte und Dienstleistungen von Bravar-Mont d.o.o zu informieren.<br \/>\nBravar-Mont d.o.o. verkauft, vermietet oder verleiht keine Benutzerliste an Dritte. Bravar-Mont d.o.o. Sie k\u00f6nnen sich von Zeit zu Zeit an Ihre Gesch\u00e4ftspartner wenden, um sich \u00fcber bestimmte Angebote zu informieren, an denen Sie m\u00f6glicherweise interessiert sind. In solchen F\u00e4llen werden Ihre pers\u00f6nlichen Daten nicht an Dritte weitergegeben. Au\u00dferdem hat Bravar-Mont d.o.o. k\u00f6nnen Informationen mit vertrauensw\u00fcrdigen Partnern austauschen, um uns dabei zu helfen, statistische Analysen zu erstellen, Ihnen E-Mail oder Post zu senden, Kundensupport bereitzustellen oder die Zustellung zu arrangieren. Die Nutzung Ihrer pers\u00f6nlichen Daten ist f\u00fcr solche Dritten nicht gestattet, es sei denn, Bravar-Mont d.o.o. Dienstleistungen und sind verpflichtet, die Vertraulichkeit Ihrer Informationen zu wahren.<\/p>\n<p>Bravar-Mont d.o.o. verwendet keine sensiblen pers\u00f6nlichen Informationen wie Rasse, Nationalit\u00e4t, Religion oder politische Orientierung, au\u00dfer mit Ihrer direkten Zustimmung.<\/p>\n<p>Bravar-Mont d.o.o. \u00fcberwacht Websites und Websites, die unsere Benutzer innerhalb von Bravar-Mont d.o.o. besuchen, um herauszufinden, welche Dienste Bravar-Mont d.o.o. sind am beliebtesten. Diese Daten werden verwendet, um ausgew\u00e4hlte Inhalte und Anzeigen innerhalb von Bravar-Mont d.o.o anzubieten. Benutzer, deren Verhalten darauf hindeutet, dass sie an einem bestimmten Thema interessiert sein k\u00f6nnten.<\/p>\n<p>Bravar-Mont d.o.o. Die Website wird Ihre personenbezogenen Daten ohne vorherige Ank\u00fcndigung offenlegen, sofern dies nicht gesetzlich vorgeschrieben ist oder nach Treu und Glauben erforderlich ist, a) die Rechtm\u00e4\u00dfigkeit von Bravar-Mont d.o.o zu gew\u00e4hrleisten. oder den rechtlichen Prozess in Bezug auf Bravar-Mont d.o.o aktiviert hat; (b) die Rechte oder das Eigentum von Bravar-Mont d.o.o sch\u00fctzen und verteidigen; und (c) unter dringenden Umst\u00e4nden gehandelt wurde, um die pers\u00f6nliche Sicherheit der Benutzer von Bravar-Mont d.o.o. zu sch\u00fctzen. oder die \u00d6ffentlichkeit.<\/p>\n<h3> COOKIE VERWENDEN <\/h3>\n<p>Bravar-Mont d.o.o. Die Website verwendet &#8222;Cookies&#8220;, um Sie bei der Personalisierung Ihrer Online-Erfahrung zu unterst\u00fctzen. Cookie ist eine Textdatei, die von einem Webserver auf Ihrem Computer abgelegt wird. Cookies k\u00f6nnen nicht zum Ausf\u00fchren von Programmen oder zum Installieren von Viren auf Ihrem Computer verwendet werden. Das Cookie ist eindeutig an Ihren Computer gebunden und kann nur von dem Webserver gelesen werden, der sich in der Cookie-Dom\u00e4ne befindet.<\/p>\n<p>Cookies werden unter anderem verwendet, um Ihnen zeitsparende Vorteile zu bieten. Der Zweck des Cookies besteht darin, dem Webserver mitzuteilen, wie Sie zu einer bestimmten Seite zur\u00fcckgekehrt sind. Zum Beispiel, wenn Sie Bravar-Mont d.o.o personalisieren. Seite, oder melden Sie sich f\u00fcr Bravar-Mont d.o.o. Bestimmungsort oder Service wird der Cookie von Bravar-Mont d.o.o. unterst\u00fctzt. um sich bei einem erneuten Besuch an Ihre spezifischen Informationen zu erinnern. Dies vereinfacht den Prozess der Erfassung pers\u00f6nlicher Informationen wie Lieferadresse oder dergleichen. Wenn Sie zum selben Bravar-Mont d.o.o. Auf dieser Website k\u00f6nnen Sie die zuvor eingegebenen Informationen abrufen, um Bravar-Mont d.o.o zu verwenden. die Funktionen, die Sie angepasst haben.<\/p>\n<p>Sie haben die M\u00f6glichkeit, Cookies zu akzeptieren oder abzulehnen. Die meisten Webbrowser akzeptieren Cookies automatisch, es ist jedoch \u00fcblich, dass Sie Ihren Webbrowser so konfigurieren k\u00f6nnen, dass er Cookies ablehnt, wenn Sie m\u00f6chten. Wenn Sie den Cookie ablehnen, k\u00f6nnen Sie die interaktiven Funktionen von Bravar-Mont d.o.o m\u00f6glicherweise nicht vollst\u00e4ndig nutzen. oder die Website, die Sie besuchen.<\/p>\n<h3> SICHERHEIT IHRER PERS\u00d6NLICHEN DATEN <\/h3>\n<p>Bravar-Mont d.o.o. Sch\u00fctzt Ihre pers\u00f6nlichen Daten vor unbefugtem Zugriff, Verwendung oder Weitergabe. Bravar-Mont d.o.o. sch\u00fctzt pers\u00f6nliche Informationen auf Computerservern in einer kontrollierten, sicheren Umgebung, gesch\u00fctzt vor unbefugtem Zugriff, Verwendung oder Offenlegung.<\/p>\n<h3> \u00c4NDERUNGEN AN DIESER ERKL\u00c4RUNG <\/h3>\n<p>Bravar-Mont d.o.o. wird diese Erkl\u00e4rung regelm\u00e4\u00dfig \u00e4ndern, um den W\u00fcnschen des Eigent\u00fcmers oder Benutzers Rechnung zu tragen. Bravar-Mont d.o.o. Es empfiehlt Ihnen, diese Erkl\u00e4rung von Zeit zu Zeit zu lesen, um Sie dar\u00fcber zu informieren, wie Bravar-Mont d.o.o. sch\u00fctzt Ihre Daten<br \/>\n<H3> Kontakte <\/h3>\n<p>Bravar-Mont d.o.o. freuen uns \u00fcber Ihre Kommentare zu dieser Datenschutzerkl\u00e4rung. Wenn Sie denken, dass Bravar-Mont d.o.o. diese Anweisungen nicht befolgt haben, wenden Sie sich bitte an Bravar-Mont d.o.o. unter bravar-mont@bravarmont.hr.<\/p>\n","protected":false},"excerpt":{"rendered":"<p>Bravar-Mont d.o.o. ist bestrebt, Ihre Privatsph\u00e4re zu sch\u00fctzen und Technologien zu entwickeln, die Ihnen die beste und sicherere Online-Erfahrung bieten. Diese Datenschutzerkl\u00e4rung gilt f\u00fcr das Bravar-Mont d.o.o. Web-Ziel und bestimmt die Erhebung und Verwendung von Daten. Durch die Verwendung von Bravar-Mont d.o.o. Sie erkl\u00e4ren sich damit einverstanden, die in dieser Erkl\u00e4rung beschriebenen Daten zu verwenden. [&#8230;]<\/p>\n<p><a class=\"btn btn-secondary bravar-read-more-link\" href=\"https:\/\/bravarmont.hr\/de\/datenschutzrichtlinie\/\">Read More&#8230;<\/a><\/p>\n","protected":false},"author":1,"featured_media":0,"parent":0,"menu_order":0,"comment_status":"closed","ping_status":"closed","template":"page-templates\/fullwidthpage.php","meta":{"_acf_changed":false,"footnotes":""},"class_list":["post-519","page","type-page","status-publish","hentry"],"acf":[],"yoast_head":"<!-- This site is optimized with the Yoast SEO plugin v26.9 - https:\/\/yoast.com\/product\/yoast-seo-wordpress\/ -->\n<title>Datenschutzrichtlinie - Bravar-mont d.o.o.<\/title>\n<meta name=\"robots\" content=\"index, follow, max-snippet:-1, max-image-preview:large, max-video-preview:-1\" \/>\n<link rel=\"canonical\" href=\"https:\/\/bravarmont.hr\/de\/datenschutzrichtlinie\/\" \/>\n<meta property=\"og:locale\" content=\"de_DE\" \/>\n<meta property=\"og:type\" content=\"article\" \/>\n<meta property=\"og:title\" content=\"Datenschutzrichtlinie - Bravar-mont d.o.o.\" \/>\n<meta property=\"og:description\" content=\"Bravar-Mont d.o.o. ist bestrebt, Ihre Privatsph\u00e4re zu sch\u00fctzen und Technologien zu entwickeln, die Ihnen die beste und sicherere Online-Erfahrung bieten. Diese Datenschutzerkl\u00e4rung gilt f\u00fcr das Bravar-Mont d.o.o. Web-Ziel und bestimmt die Erhebung und Verwendung von Daten. Durch die Verwendung von Bravar-Mont d.o.o. Sie erkl\u00e4ren sich damit einverstanden, die in dieser Erkl\u00e4rung beschriebenen Daten zu verwenden. [...]Read More...\" \/>\n<meta property=\"og:url\" content=\"https:\/\/bravarmont.hr\/de\/datenschutzrichtlinie\/\" \/>\n<meta property=\"og:site_name\" content=\"Bravar-mont d.o.o.\" \/>\n<meta property=\"article:modified_time\" content=\"2019-02-25T20:57:09+00:00\" \/>\n<meta name=\"twitter:card\" content=\"summary_large_image\" \/>\n<meta name=\"twitter:label1\" content=\"Gesch\u00e4tzte Lesezeit\" \/>\n\t<meta name=\"twitter:data1\" content=\"5\u00a0Minuten\" \/>\n<script type=\"application\/ld+json\" class=\"yoast-schema-graph\">{\"@context\":\"https:\/\/schema.org\",\"@graph\":[{\"@type\":\"WebPage\",\"@id\":\"https:\/\/bravarmont.hr\/de\/datenschutzrichtlinie\/\",\"url\":\"https:\/\/bravarmont.hr\/de\/datenschutzrichtlinie\/\",\"name\":\"Datenschutzrichtlinie - Bravar-mont d.o.o.\",\"isPartOf\":{\"@id\":\"https:\/\/bravarmont.hr\/#website\"},\"datePublished\":\"2019-02-25T18:50:40+00:00\",\"dateModified\":\"2019-02-25T20:57:09+00:00\",\"breadcrumb\":{\"@id\":\"https:\/\/bravarmont.hr\/de\/datenschutzrichtlinie\/#breadcrumb\"},\"inLanguage\":\"de\",\"potentialAction\":[{\"@type\":\"ReadAction\",\"target\":[\"https:\/\/bravarmont.hr\/de\/datenschutzrichtlinie\/\"]}]},{\"@type\":\"BreadcrumbList\",\"@id\":\"https:\/\/bravarmont.hr\/de\/datenschutzrichtlinie\/#breadcrumb\",\"itemListElement\":[{\"@type\":\"ListItem\",\"position\":1,\"name\":\"Po\u010detna stranica\",\"item\":\"https:\/\/bravarmont.hr\/de\/\"},{\"@type\":\"ListItem\",\"position\":2,\"name\":\"Datenschutzrichtlinie\"}]},{\"@type\":\"WebSite\",\"@id\":\"https:\/\/bravarmont.hr\/#website\",\"url\":\"https:\/\/bravarmont.hr\/\",\"name\":\"Bravar-mont d.o.o.\",\"description\":\"\",\"publisher\":{\"@id\":\"https:\/\/bravarmont.hr\/#organization\"},\"potentialAction\":[{\"@type\":\"SearchAction\",\"target\":{\"@type\":\"EntryPoint\",\"urlTemplate\":\"https:\/\/bravarmont.hr\/?s={search_term_string}\"},\"query-input\":{\"@type\":\"PropertyValueSpecification\",\"valueRequired\":true,\"valueName\":\"search_term_string\"}}],\"inLanguage\":\"de\"},{\"@type\":\"Organization\",\"@id\":\"https:\/\/bravarmont.hr\/#organization\",\"name\":\"Bravar-mont d.o.o.\",\"url\":\"https:\/\/bravarmont.hr\/\",\"logo\":{\"@type\":\"ImageObject\",\"inLanguage\":\"de\",\"@id\":\"https:\/\/bravarmont.hr\/#\/schema\/logo\/image\/\",\"url\":\"https:\/\/bravarmont.hr\/wp-content\/uploads\/2019\/01\/logotip-e1547736673185.png\",\"contentUrl\":\"https:\/\/bravarmont.hr\/wp-content\/uploads\/2019\/01\/logotip-e1547736673185.png\",\"width\":250,\"height\":137,\"caption\":\"Bravar-mont d.o.o.\"},\"image\":{\"@id\":\"https:\/\/bravarmont.hr\/#\/schema\/logo\/image\/\"}}]}<\/script>\n<!-- \/ Yoast SEO plugin. -->","yoast_head_json":{"title":"Datenschutzrichtlinie - Bravar-mont d.o.o.","robots":{"index":"index","follow":"follow","max-snippet":"max-snippet:-1","max-image-preview":"max-image-preview:large","max-video-preview":"max-video-preview:-1"},"canonical":"https:\/\/bravarmont.hr\/de\/datenschutzrichtlinie\/","og_locale":"de_DE","og_type":"article","og_title":"Datenschutzrichtlinie - Bravar-mont d.o.o.","og_description":"Bravar-Mont d.o.o. ist bestrebt, Ihre Privatsph\u00e4re zu sch\u00fctzen und Technologien zu entwickeln, die Ihnen die beste und sicherere Online-Erfahrung bieten. Diese Datenschutzerkl\u00e4rung gilt f\u00fcr das Bravar-Mont d.o.o. Web-Ziel und bestimmt die Erhebung und Verwendung von Daten. Durch die Verwendung von Bravar-Mont d.o.o. Sie erkl\u00e4ren sich damit einverstanden, die in dieser Erkl\u00e4rung beschriebenen Daten zu verwenden. [...]Read More...","og_url":"https:\/\/bravarmont.hr\/de\/datenschutzrichtlinie\/","og_site_name":"Bravar-mont d.o.o.","article_modified_time":"2019-02-25T20:57:09+00:00","twitter_card":"summary_large_image","twitter_misc":{"Gesch\u00e4tzte Lesezeit":"5\u00a0Minuten"},"schema":{"@context":"https:\/\/schema.org","@graph":[{"@type":"WebPage","@id":"https:\/\/bravarmont.hr\/de\/datenschutzrichtlinie\/","url":"https:\/\/bravarmont.hr\/de\/datenschutzrichtlinie\/","name":"Datenschutzrichtlinie - Bravar-mont d.o.o.","isPartOf":{"@id":"https:\/\/bravarmont.hr\/#website"},"datePublished":"2019-02-25T18:50:40+00:00","dateModified":"2019-02-25T20:57:09+00:00","breadcrumb":{"@id":"https:\/\/bravarmont.hr\/de\/datenschutzrichtlinie\/#breadcrumb"},"inLanguage":"de","potentialAction":[{"@type":"ReadAction","target":["https:\/\/bravarmont.hr\/de\/datenschutzrichtlinie\/"]}]},{"@type":"BreadcrumbList","@id":"https:\/\/bravarmont.hr\/de\/datenschutzrichtlinie\/#breadcrumb","itemListElement":[{"@type":"ListItem","position":1,"name":"Po\u010detna stranica","item":"https:\/\/bravarmont.hr\/de\/"},{"@type":"ListItem","position":2,"name":"Datenschutzrichtlinie"}]},{"@type":"WebSite","@id":"https:\/\/bravarmont.hr\/#website","url":"https:\/\/bravarmont.hr\/","name":"Bravar-mont d.o.o.","description":"","publisher":{"@id":"https:\/\/bravarmont.hr\/#organization"},"potentialAction":[{"@type":"SearchAction","target":{"@type":"EntryPoint","urlTemplate":"https:\/\/bravarmont.hr\/?s={search_term_string}"},"query-input":{"@type":"PropertyValueSpecification","valueRequired":true,"valueName":"search_term_string"}}],"inLanguage":"de"},{"@type":"Organization","@id":"https:\/\/bravarmont.hr\/#organization","name":"Bravar-mont d.o.o.","url":"https:\/\/bravarmont.hr\/","logo":{"@type":"ImageObject","inLanguage":"de","@id":"https:\/\/bravarmont.hr\/#\/schema\/logo\/image\/","url":"https:\/\/bravarmont.hr\/wp-content\/uploads\/2019\/01\/logotip-e1547736673185.png","contentUrl":"https:\/\/bravarmont.hr\/wp-content\/uploads\/2019\/01\/logotip-e1547736673185.png","width":250,"height":137,"caption":"Bravar-mont d.o.o."},"image":{"@id":"https:\/\/bravarmont.hr\/#\/schema\/logo\/image\/"}}]}},"_links":{"self":[{"href":"https:\/\/bravarmont.hr\/de\/wp-json\/wp\/v2\/pages\/519","targetHints":{"allow":["GET"]}}],"collection":[{"href":"https:\/\/bravarmont.hr\/de\/wp-json\/wp\/v2\/pages"}],"about":[{"href":"https:\/\/bravarmont.hr\/de\/wp-json\/wp\/v2\/types\/page"}],"author":[{"embeddable":true,"href":"https:\/\/bravarmont.hr\/de\/wp-json\/wp\/v2\/users\/1"}],"replies":[{"embeddable":true,"href":"https:\/\/bravarmont.hr\/de\/wp-json\/wp\/v2\/comments?post=519"}],"version-history":[{"count":3,"href":"https:\/\/bravarmont.hr\/de\/wp-json\/wp\/v2\/pages\/519\/revisions"}],"predecessor-version":[{"id":568,"href":"https:\/\/bravarmont.hr\/de\/wp-json\/wp\/v2\/pages\/519\/revisions\/568"}],"wp:attachment":[{"href":"https:\/\/bravarmont.hr\/de\/wp-json\/wp\/v2\/media?parent=519"}],"curies":[{"name":"wp","href":"https:\/\/api.w.org\/{rel}","templated":true}]}}