{"id":452,"date":"2019-02-08T09:35:27","date_gmt":"2019-02-08T08:35:27","guid":{"rendered":"http:\/\/bravarmont.hr\/politika-kvalitete\/"},"modified":"2019-02-26T08:55:49","modified_gmt":"2019-02-26T07:55:49","slug":"qualitaetpolitik","status":"publish","type":"page","link":"http:\/\/bravarmont.hr\/de\/qualitaetpolitik\/","title":{"rendered":"Qualit\u00e4tpolitik"},"content":{"rendered":"<p><em>Die Grundlagen der Qualit\u00e4tspolitik der Gesellschaft<strong> BRAVAR-MONT GmbH<\/strong> f\u00fcr Schlosser-, Spengler- und Dachdeckarbeiten beziehen sich auf die sinnvollste Nutzung aller verf\u00fcgbaren Ressourcen im Gesch\u00e4ftsprozess, mit dem Ziel der Verwirklichung von:<\/em><\/p>\n<ul class=\"custom-list\">\n<li><i class=\"fa fa-arrow-right\"><\/i> Spitzenqualit\u00e4t aller Dienstleistungen und Produkte aus unserem Service- und Produktprogramm, um die Kunden durch Erf\u00fcllung all ihrer Anforderungen und W\u00fcnsche zu befriedigen<\/li>\n<li><i class=\"fa fa-arrow-right\"><\/i> kontinuierlicher Verfolgung und Verbesserung des Qualit\u00e4tssystems auf allen Gesellschaftsebenen,<\/li>\n<li><i class=\"fa fa-arrow-right\"><\/i> Auswahl hochwertigster Lieferanten von Teilen und Retromaterial, deren systematische Verfolgung f\u00fcr hohe und konstante Qualit\u00e4t unserer Dienstleistungen und Produkte,<\/li>\n<li><i class=\"fa fa-arrow-right\"><\/i> Kundenauswahl und Bestehen der Vertr\u00e4ge mit ihnen. Der Kunde hat immer Recht und unser Verh\u00e4ltnis mit dem Kunden ist auf Grundlage gegenseitigen Vertrauens, korrekter Benachrichtigung und wirksamer Probleml\u00f6sung auszubauen,<\/li>\n<li><i class=\"fa fa-arrow-right\"><\/i> Verfolgung der Welttrends in unserer Branche hinsichtlich der Aneignung neuen Wissens, Technologien, Produkte und Marktanforderungen, haupts\u00e4chlich im Bereich der Konstruktionen und Verschwei\u00dfen von Metallmaterial.<\/li>\n<li><i class=\"fa fa-arrow-right\"><\/i> kontinuierlicher Weiterbildung des gesamten Personals, welches sich mit den Marktanforderungen in der jetzigen und k\u00fcnftigen Zeit auseinandersetzen muss. Das Personal erringt die gesetzten Ziele direkt mit seinem pers\u00f6nlichen Wissen und Einsatz. Jeder Angestellte ist im Rahmen seiner Befugnis auch f\u00fcr die Qualit\u00e4t seiner Arbeit verantwortlich.<\/li>\n<li><i class=\"fa fa-arrow-right\"><\/i> weiterem Gesellschaftsrating und Erhaltung des gewonnenen Vertrauens seitens unserer Kunden.<\/li>\n<li><i class=\"fa fa-arrow-right\"><\/i> f\u00fchrenden Positionen in der Herstellung und Montage von Metallkonstruktionen in der Region.<\/li>\n<\/ul>\n<p>&nbsp;<\/p>\n","protected":false},"excerpt":{"rendered":"<p>Die Grundlagen der Qualit\u00e4tspolitik der Gesellschaft BRAVAR-MONT GmbH f\u00fcr Schlosser-, Spengler- und Dachdeckarbeiten beziehen sich auf die sinnvollste Nutzung aller verf\u00fcgbaren Ressourcen im Gesch\u00e4ftsprozess, mit dem Ziel der Verwirklichung von: Spitzenqualit\u00e4t aller Dienstleistungen und Produkte aus unserem Service- und Produktprogramm, um die Kunden durch Erf\u00fcllung all ihrer Anforderungen und W\u00fcnsche zu befriedigen kontinuierlicher Verfolgung und [&#8230;]<\/p>\n<p><a class=\"btn btn-secondary bravar-read-more-link\" href=\"http:\/\/bravarmont.hr\/de\/qualitaetpolitik\/\">Read More&#8230;<\/a><\/p>\n","protected":false},"author":1,"featured_media":339,"parent":0,"menu_order":0,"comment_status":"closed","ping_status":"closed","template":"page-templates\/fullwidthpage.php","meta":{"_acf_changed":false,"footnotes":""},"class_list":["post-452","page","type-page","status-publish","has-post-thumbnail","hentry"],"acf":[],"yoast_head":"<!-- This site is optimized with the Yoast SEO plugin v26.9 - https:\/\/yoast.com\/product\/yoast-seo-wordpress\/ -->\n<title>Qualit\u00e4tpolitik - Bravar-mont d.o.o.<\/title>\n<meta name=\"robots\" content=\"index, follow, max-snippet:-1, max-image-preview:large, max-video-preview:-1\" \/>\n<link rel=\"canonical\" href=\"http:\/\/bravarmont.hr\/de\/qualitaetpolitik\/\" \/>\n<meta property=\"og:locale\" content=\"de_DE\" \/>\n<meta property=\"og:type\" content=\"article\" \/>\n<meta property=\"og:title\" content=\"Qualit\u00e4tpolitik - Bravar-mont d.o.o.\" \/>\n<meta property=\"og:description\" content=\"Die Grundlagen der Qualit\u00e4tspolitik der Gesellschaft BRAVAR-MONT GmbH f\u00fcr Schlosser-, Spengler- und Dachdeckarbeiten beziehen sich auf die sinnvollste Nutzung aller verf\u00fcgbaren Ressourcen im Gesch\u00e4ftsprozess, mit dem Ziel der Verwirklichung von: Spitzenqualit\u00e4t aller Dienstleistungen und Produkte aus unserem Service- und Produktprogramm, um die Kunden durch Erf\u00fcllung all ihrer Anforderungen und W\u00fcnsche zu befriedigen kontinuierlicher Verfolgung und [...]Read More...\" \/>\n<meta property=\"og:url\" content=\"http:\/\/bravarmont.hr\/de\/qualitaetpolitik\/\" \/>\n<meta property=\"og:site_name\" content=\"Bravar-mont d.o.o.\" \/>\n<meta property=\"article:modified_time\" content=\"2019-02-26T07:55:49+00:00\" \/>\n<meta property=\"og:image\" content=\"http:\/\/bravarmont.hr\/wp-content\/uploads\/2019\/02\/o-nama.jpg\" \/>\n\t<meta property=\"og:image:width\" content=\"1920\" \/>\n\t<meta property=\"og:image:height\" content=\"400\" \/>\n\t<meta property=\"og:image:type\" content=\"image\/jpeg\" \/>\n<meta name=\"twitter:card\" content=\"summary_large_image\" \/>\n<meta name=\"twitter:label1\" content=\"Gesch\u00e4tzte Lesezeit\" \/>\n\t<meta name=\"twitter:data1\" content=\"1\u00a0Minute\" \/>\n<script type=\"application\/ld+json\" class=\"yoast-schema-graph\">{\"@context\":\"https:\/\/schema.org\",\"@graph\":[{\"@type\":\"WebPage\",\"@id\":\"http:\/\/bravarmont.hr\/de\/qualitaetpolitik\/\",\"url\":\"http:\/\/bravarmont.hr\/de\/qualitaetpolitik\/\",\"name\":\"Qualit\u00e4tpolitik - Bravar-mont d.o.o.\",\"isPartOf\":{\"@id\":\"https:\/\/bravarmont.hr\/#website\"},\"primaryImageOfPage\":{\"@id\":\"http:\/\/bravarmont.hr\/de\/qualitaetpolitik\/#primaryimage\"},\"image\":{\"@id\":\"http:\/\/bravarmont.hr\/de\/qualitaetpolitik\/#primaryimage\"},\"thumbnailUrl\":\"http:\/\/bravarmont.hr\/wp-content\/uploads\/2019\/02\/o-nama.jpg\",\"datePublished\":\"2019-02-08T08:35:27+00:00\",\"dateModified\":\"2019-02-26T07:55:49+00:00\",\"breadcrumb\":{\"@id\":\"http:\/\/bravarmont.hr\/de\/qualitaetpolitik\/#breadcrumb\"},\"inLanguage\":\"de\",\"potentialAction\":[{\"@type\":\"ReadAction\",\"target\":[\"http:\/\/bravarmont.hr\/de\/qualitaetpolitik\/\"]}]},{\"@type\":\"ImageObject\",\"inLanguage\":\"de\",\"@id\":\"http:\/\/bravarmont.hr\/de\/qualitaetpolitik\/#primaryimage\",\"url\":\"http:\/\/bravarmont.hr\/wp-content\/uploads\/2019\/02\/o-nama.jpg\",\"contentUrl\":\"http:\/\/bravarmont.hr\/wp-content\/uploads\/2019\/02\/o-nama.jpg\",\"width\":1920,\"height\":400},{\"@type\":\"BreadcrumbList\",\"@id\":\"http:\/\/bravarmont.hr\/de\/qualitaetpolitik\/#breadcrumb\",\"itemListElement\":[{\"@type\":\"ListItem\",\"position\":1,\"name\":\"Po\u010detna stranica\",\"item\":\"http:\/\/bravarmont.hr\/de\/\"},{\"@type\":\"ListItem\",\"position\":2,\"name\":\"Qualit\u00e4tpolitik\"}]},{\"@type\":\"WebSite\",\"@id\":\"https:\/\/bravarmont.hr\/#website\",\"url\":\"https:\/\/bravarmont.hr\/\",\"name\":\"Bravar-mont d.o.o.\",\"description\":\"\",\"publisher\":{\"@id\":\"https:\/\/bravarmont.hr\/#organization\"},\"potentialAction\":[{\"@type\":\"SearchAction\",\"target\":{\"@type\":\"EntryPoint\",\"urlTemplate\":\"https:\/\/bravarmont.hr\/?s={search_term_string}\"},\"query-input\":{\"@type\":\"PropertyValueSpecification\",\"valueRequired\":true,\"valueName\":\"search_term_string\"}}],\"inLanguage\":\"de\"},{\"@type\":\"Organization\",\"@id\":\"https:\/\/bravarmont.hr\/#organization\",\"name\":\"Bravar-mont d.o.o.\",\"url\":\"https:\/\/bravarmont.hr\/\",\"logo\":{\"@type\":\"ImageObject\",\"inLanguage\":\"de\",\"@id\":\"https:\/\/bravarmont.hr\/#\/schema\/logo\/image\/\",\"url\":\"http:\/\/bravarmont.hr\/wp-content\/uploads\/2019\/01\/logotip-e1547736673185.png\",\"contentUrl\":\"http:\/\/bravarmont.hr\/wp-content\/uploads\/2019\/01\/logotip-e1547736673185.png\",\"width\":250,\"height\":137,\"caption\":\"Bravar-mont d.o.o.\"},\"image\":{\"@id\":\"https:\/\/bravarmont.hr\/#\/schema\/logo\/image\/\"}}]}<\/script>\n<!-- \/ Yoast SEO plugin. -->","yoast_head_json":{"title":"Qualit\u00e4tpolitik - Bravar-mont d.o.o.","robots":{"index":"index","follow":"follow","max-snippet":"max-snippet:-1","max-image-preview":"max-image-preview:large","max-video-preview":"max-video-preview:-1"},"canonical":"http:\/\/bravarmont.hr\/de\/qualitaetpolitik\/","og_locale":"de_DE","og_type":"article","og_title":"Qualit\u00e4tpolitik - Bravar-mont d.o.o.","og_description":"Die Grundlagen der Qualit\u00e4tspolitik der Gesellschaft BRAVAR-MONT GmbH f\u00fcr Schlosser-, Spengler- und Dachdeckarbeiten beziehen sich auf die sinnvollste Nutzung aller verf\u00fcgbaren Ressourcen im Gesch\u00e4ftsprozess, mit dem Ziel der Verwirklichung von: Spitzenqualit\u00e4t aller Dienstleistungen und Produkte aus unserem Service- und Produktprogramm, um die Kunden durch Erf\u00fcllung all ihrer Anforderungen und W\u00fcnsche zu befriedigen kontinuierlicher Verfolgung und [...]Read More...","og_url":"http:\/\/bravarmont.hr\/de\/qualitaetpolitik\/","og_site_name":"Bravar-mont d.o.o.","article_modified_time":"2019-02-26T07:55:49+00:00","og_image":[{"width":1920,"height":400,"url":"http:\/\/bravarmont.hr\/wp-content\/uploads\/2019\/02\/o-nama.jpg","type":"image\/jpeg"}],"twitter_card":"summary_large_image","twitter_misc":{"Gesch\u00e4tzte Lesezeit":"1\u00a0Minute"},"schema":{"@context":"https:\/\/schema.org","@graph":[{"@type":"WebPage","@id":"http:\/\/bravarmont.hr\/de\/qualitaetpolitik\/","url":"http:\/\/bravarmont.hr\/de\/qualitaetpolitik\/","name":"Qualit\u00e4tpolitik - Bravar-mont d.o.o.","isPartOf":{"@id":"https:\/\/bravarmont.hr\/#website"},"primaryImageOfPage":{"@id":"http:\/\/bravarmont.hr\/de\/qualitaetpolitik\/#primaryimage"},"image":{"@id":"http:\/\/bravarmont.hr\/de\/qualitaetpolitik\/#primaryimage"},"thumbnailUrl":"http:\/\/bravarmont.hr\/wp-content\/uploads\/2019\/02\/o-nama.jpg","datePublished":"2019-02-08T08:35:27+00:00","dateModified":"2019-02-26T07:55:49+00:00","breadcrumb":{"@id":"http:\/\/bravarmont.hr\/de\/qualitaetpolitik\/#breadcrumb"},"inLanguage":"de","potentialAction":[{"@type":"ReadAction","target":["http:\/\/bravarmont.hr\/de\/qualitaetpolitik\/"]}]},{"@type":"ImageObject","inLanguage":"de","@id":"http:\/\/bravarmont.hr\/de\/qualitaetpolitik\/#primaryimage","url":"http:\/\/bravarmont.hr\/wp-content\/uploads\/2019\/02\/o-nama.jpg","contentUrl":"http:\/\/bravarmont.hr\/wp-content\/uploads\/2019\/02\/o-nama.jpg","width":1920,"height":400},{"@type":"BreadcrumbList","@id":"http:\/\/bravarmont.hr\/de\/qualitaetpolitik\/#breadcrumb","itemListElement":[{"@type":"ListItem","position":1,"name":"Po\u010detna stranica","item":"http:\/\/bravarmont.hr\/de\/"},{"@type":"ListItem","position":2,"name":"Qualit\u00e4tpolitik"}]},{"@type":"WebSite","@id":"https:\/\/bravarmont.hr\/#website","url":"https:\/\/bravarmont.hr\/","name":"Bravar-mont d.o.o.","description":"","publisher":{"@id":"https:\/\/bravarmont.hr\/#organization"},"potentialAction":[{"@type":"SearchAction","target":{"@type":"EntryPoint","urlTemplate":"https:\/\/bravarmont.hr\/?s={search_term_string}"},"query-input":{"@type":"PropertyValueSpecification","valueRequired":true,"valueName":"search_term_string"}}],"inLanguage":"de"},{"@type":"Organization","@id":"https:\/\/bravarmont.hr\/#organization","name":"Bravar-mont d.o.o.","url":"https:\/\/bravarmont.hr\/","logo":{"@type":"ImageObject","inLanguage":"de","@id":"https:\/\/bravarmont.hr\/#\/schema\/logo\/image\/","url":"http:\/\/bravarmont.hr\/wp-content\/uploads\/2019\/01\/logotip-e1547736673185.png","contentUrl":"http:\/\/bravarmont.hr\/wp-content\/uploads\/2019\/01\/logotip-e1547736673185.png","width":250,"height":137,"caption":"Bravar-mont d.o.o."},"image":{"@id":"https:\/\/bravarmont.hr\/#\/schema\/logo\/image\/"}}]}},"_links":{"self":[{"href":"http:\/\/bravarmont.hr\/de\/wp-json\/wp\/v2\/pages\/452","targetHints":{"allow":["GET"]}}],"collection":[{"href":"http:\/\/bravarmont.hr\/de\/wp-json\/wp\/v2\/pages"}],"about":[{"href":"http:\/\/bravarmont.hr\/de\/wp-json\/wp\/v2\/types\/page"}],"author":[{"embeddable":true,"href":"http:\/\/bravarmont.hr\/de\/wp-json\/wp\/v2\/users\/1"}],"replies":[{"embeddable":true,"href":"http:\/\/bravarmont.hr\/de\/wp-json\/wp\/v2\/comments?post=452"}],"version-history":[{"count":4,"href":"http:\/\/bravarmont.hr\/de\/wp-json\/wp\/v2\/pages\/452\/revisions"}],"predecessor-version":[{"id":504,"href":"http:\/\/bravarmont.hr\/de\/wp-json\/wp\/v2\/pages\/452\/revisions\/504"}],"wp:featuredmedia":[{"embeddable":true,"href":"http:\/\/bravarmont.hr\/de\/wp-json\/wp\/v2\/media\/339"}],"wp:attachment":[{"href":"http:\/\/bravarmont.hr\/de\/wp-json\/wp\/v2\/media?parent=452"}],"curies":[{"name":"wp","href":"https:\/\/api.w.org\/{rel}","templated":true}]}}