{"id":446,"date":"2019-01-26T10:02:11","date_gmt":"2019-01-26T09:02:11","guid":{"rendered":"http:\/\/bravarmont.hr\/about-us\/"},"modified":"2020-06-01T14:10:30","modified_gmt":"2020-06-01T12:10:30","slug":"ueber-uns","status":"publish","type":"page","link":"http:\/\/bravarmont.hr\/de\/ueber-uns\/","title":{"rendered":"\u00dcber uns"},"content":{"rendered":"<p>Die Gesellschaft BRAVAR-MONT GmbH wurde 2011 gegr\u00fcndet, mit dem Sitz an der Adresse Kralja Tomislava 60, Strizivojna. Der Herstellungsbetrieb und die Firmenb\u00fcros befinden sich in Vrpolje an der Adresse Ivana Me\u0161trovi\u0107a 37. Die Fl\u00e4che des Herstellungsbetriebs betr\u00e4gt 38 000 m2, davon 4 000 m2 geschlossenen Raums und der Betrieb selbst besteht aus der Haupthalle f\u00fcr die Herstellung der Stahlkonstruktionen, Spenglerei und Materiallager.<\/p>\n<p>Die T\u00e4tigkeit der Gesellschaft BRAVAR-MONT GmbH ist die Herstellung und Montage von Stahlkonstruktionen sowie die Montage von Dach- und Fassade-Sandwichpaneelen. Wir montieren auch alle Arten von Trapezblechen und verrichten Bauspenglerarbeiten an Industrieobjekten und \u2013hallen.<\/p>\n<p>In der Gesellschaft sind 77 Angestellte besch\u00e4ftigt und diese ist zertifiziert f\u00fcr das Verschwei\u00dfen von Stahlkonstruktionen gem\u00e4\u00df der Norm ISO 3834-2 und f\u00fcr die Herstellung und Montage von Stahlkonstruktionen gem\u00e4\u00df der Norm EN 1090-2 EXC3 und diese hat auf diese Weise die Verwendung der CE Bezeichnungen auf ihren Produkten erworben. Die Gesellschaft BRAVAR-MONT GmbH f\u00fchrt komplexeste Herstellungs- und Montagearbeiten aus, von energetischen Anlagen, Herstellungshallen, Landwirtschaftsobjekten, Autosalons, K\u00fchlr\u00e4ume und Verkaufszentren.<\/p>\n","protected":false},"excerpt":{"rendered":"<p>Die Gesellschaft BRAVAR-MONT GmbH wurde 2011 gegr\u00fcndet, mit dem Sitz an der Adresse Kralja Tomislava 60, Strizivojna. Der Herstellungsbetrieb und die Firmenb\u00fcros befinden sich in Vrpolje an der Adresse Ivana Me\u0161trovi\u0107a 37. Die Fl\u00e4che des Herstellungsbetriebs betr\u00e4gt 38 000 m2, davon 4 000 m2 geschlossenen Raums und der Betrieb selbst besteht aus der Haupthalle f\u00fcr [&#8230;]<\/p>\n<p><a class=\"btn btn-secondary bravar-read-more-link\" href=\"http:\/\/bravarmont.hr\/de\/ueber-uns\/\">Read More&#8230;<\/a><\/p>\n","protected":false},"author":1,"featured_media":339,"parent":0,"menu_order":0,"comment_status":"closed","ping_status":"closed","template":"page-templates\/fullwidthpage.php","meta":{"_acf_changed":false,"footnotes":""},"class_list":["post-446","page","type-page","status-publish","has-post-thumbnail","hentry"],"acf":[],"yoast_head":"<!-- This site is optimized with the Yoast SEO plugin v26.9 - https:\/\/yoast.com\/product\/yoast-seo-wordpress\/ -->\n<title>\u00dcber uns - Bravar-mont d.o.o.<\/title>\n<meta name=\"robots\" content=\"index, follow, max-snippet:-1, max-image-preview:large, max-video-preview:-1\" \/>\n<link rel=\"canonical\" href=\"https:\/\/bravarmont.hr\/de\/ueber-uns\/\" \/>\n<meta property=\"og:locale\" content=\"de_DE\" \/>\n<meta property=\"og:type\" content=\"article\" \/>\n<meta property=\"og:title\" content=\"\u00dcber uns - Bravar-mont d.o.o.\" \/>\n<meta property=\"og:description\" content=\"Die Gesellschaft BRAVAR-MONT GmbH wurde 2011 gegr\u00fcndet, mit dem Sitz an der Adresse Kralja Tomislava 60, Strizivojna. Der Herstellungsbetrieb und die Firmenb\u00fcros befinden sich in Vrpolje an der Adresse Ivana Me\u0161trovi\u0107a 37. Die Fl\u00e4che des Herstellungsbetriebs betr\u00e4gt 38 000 m2, davon 4 000 m2 geschlossenen Raums und der Betrieb selbst besteht aus der Haupthalle f\u00fcr [...]Read More...\" \/>\n<meta property=\"og:url\" content=\"https:\/\/bravarmont.hr\/de\/ueber-uns\/\" \/>\n<meta property=\"og:site_name\" content=\"Bravar-mont d.o.o.\" \/>\n<meta property=\"article:modified_time\" content=\"2020-06-01T12:10:30+00:00\" \/>\n<meta property=\"og:image\" content=\"https:\/\/bravarmont.hr\/wp-content\/uploads\/2019\/02\/o-nama.jpg\" \/>\n\t<meta property=\"og:image:width\" content=\"1920\" \/>\n\t<meta property=\"og:image:height\" content=\"400\" \/>\n\t<meta property=\"og:image:type\" content=\"image\/jpeg\" \/>\n<meta name=\"twitter:card\" content=\"summary_large_image\" \/>\n<meta name=\"twitter:label1\" content=\"Gesch\u00e4tzte Lesezeit\" \/>\n\t<meta name=\"twitter:data1\" content=\"1\u00a0Minute\" \/>\n<script type=\"application\/ld+json\" class=\"yoast-schema-graph\">{\"@context\":\"https:\/\/schema.org\",\"@graph\":[{\"@type\":\"WebPage\",\"@id\":\"https:\/\/bravarmont.hr\/de\/ueber-uns\/\",\"url\":\"https:\/\/bravarmont.hr\/de\/ueber-uns\/\",\"name\":\"\u00dcber uns - Bravar-mont d.o.o.\",\"isPartOf\":{\"@id\":\"https:\/\/bravarmont.hr\/#website\"},\"primaryImageOfPage\":{\"@id\":\"https:\/\/bravarmont.hr\/de\/ueber-uns\/#primaryimage\"},\"image\":{\"@id\":\"https:\/\/bravarmont.hr\/de\/ueber-uns\/#primaryimage\"},\"thumbnailUrl\":\"http:\/\/bravarmont.hr\/wp-content\/uploads\/2019\/02\/o-nama.jpg\",\"datePublished\":\"2019-01-26T09:02:11+00:00\",\"dateModified\":\"2020-06-01T12:10:30+00:00\",\"breadcrumb\":{\"@id\":\"https:\/\/bravarmont.hr\/de\/ueber-uns\/#breadcrumb\"},\"inLanguage\":\"de\",\"potentialAction\":[{\"@type\":\"ReadAction\",\"target\":[\"https:\/\/bravarmont.hr\/de\/ueber-uns\/\"]}]},{\"@type\":\"ImageObject\",\"inLanguage\":\"de\",\"@id\":\"https:\/\/bravarmont.hr\/de\/ueber-uns\/#primaryimage\",\"url\":\"http:\/\/bravarmont.hr\/wp-content\/uploads\/2019\/02\/o-nama.jpg\",\"contentUrl\":\"http:\/\/bravarmont.hr\/wp-content\/uploads\/2019\/02\/o-nama.jpg\",\"width\":1920,\"height\":400},{\"@type\":\"BreadcrumbList\",\"@id\":\"https:\/\/bravarmont.hr\/de\/ueber-uns\/#breadcrumb\",\"itemListElement\":[{\"@type\":\"ListItem\",\"position\":1,\"name\":\"Po\u010detna stranica\",\"item\":\"http:\/\/bravarmont.hr\/de\/\"},{\"@type\":\"ListItem\",\"position\":2,\"name\":\"\u00dcber uns\"}]},{\"@type\":\"WebSite\",\"@id\":\"https:\/\/bravarmont.hr\/#website\",\"url\":\"https:\/\/bravarmont.hr\/\",\"name\":\"Bravar-mont d.o.o.\",\"description\":\"\",\"publisher\":{\"@id\":\"https:\/\/bravarmont.hr\/#organization\"},\"potentialAction\":[{\"@type\":\"SearchAction\",\"target\":{\"@type\":\"EntryPoint\",\"urlTemplate\":\"https:\/\/bravarmont.hr\/?s={search_term_string}\"},\"query-input\":{\"@type\":\"PropertyValueSpecification\",\"valueRequired\":true,\"valueName\":\"search_term_string\"}}],\"inLanguage\":\"de\"},{\"@type\":\"Organization\",\"@id\":\"https:\/\/bravarmont.hr\/#organization\",\"name\":\"Bravar-mont d.o.o.\",\"url\":\"https:\/\/bravarmont.hr\/\",\"logo\":{\"@type\":\"ImageObject\",\"inLanguage\":\"de\",\"@id\":\"https:\/\/bravarmont.hr\/#\/schema\/logo\/image\/\",\"url\":\"http:\/\/bravarmont.hr\/wp-content\/uploads\/2019\/01\/logotip-e1547736673185.png\",\"contentUrl\":\"http:\/\/bravarmont.hr\/wp-content\/uploads\/2019\/01\/logotip-e1547736673185.png\",\"width\":250,\"height\":137,\"caption\":\"Bravar-mont d.o.o.\"},\"image\":{\"@id\":\"https:\/\/bravarmont.hr\/#\/schema\/logo\/image\/\"}}]}<\/script>\n<!-- \/ Yoast SEO plugin. -->","yoast_head_json":{"title":"\u00dcber uns - Bravar-mont d.o.o.","robots":{"index":"index","follow":"follow","max-snippet":"max-snippet:-1","max-image-preview":"max-image-preview:large","max-video-preview":"max-video-preview:-1"},"canonical":"https:\/\/bravarmont.hr\/de\/ueber-uns\/","og_locale":"de_DE","og_type":"article","og_title":"\u00dcber uns - Bravar-mont d.o.o.","og_description":"Die Gesellschaft BRAVAR-MONT GmbH wurde 2011 gegr\u00fcndet, mit dem Sitz an der Adresse Kralja Tomislava 60, Strizivojna. Der Herstellungsbetrieb und die Firmenb\u00fcros befinden sich in Vrpolje an der Adresse Ivana Me\u0161trovi\u0107a 37. Die Fl\u00e4che des Herstellungsbetriebs betr\u00e4gt 38 000 m2, davon 4 000 m2 geschlossenen Raums und der Betrieb selbst besteht aus der Haupthalle f\u00fcr [...]Read More...","og_url":"https:\/\/bravarmont.hr\/de\/ueber-uns\/","og_site_name":"Bravar-mont d.o.o.","article_modified_time":"2020-06-01T12:10:30+00:00","og_image":[{"width":1920,"height":400,"url":"https:\/\/bravarmont.hr\/wp-content\/uploads\/2019\/02\/o-nama.jpg","type":"image\/jpeg"}],"twitter_card":"summary_large_image","twitter_misc":{"Gesch\u00e4tzte Lesezeit":"1\u00a0Minute"},"schema":{"@context":"https:\/\/schema.org","@graph":[{"@type":"WebPage","@id":"https:\/\/bravarmont.hr\/de\/ueber-uns\/","url":"https:\/\/bravarmont.hr\/de\/ueber-uns\/","name":"\u00dcber uns - Bravar-mont d.o.o.","isPartOf":{"@id":"https:\/\/bravarmont.hr\/#website"},"primaryImageOfPage":{"@id":"https:\/\/bravarmont.hr\/de\/ueber-uns\/#primaryimage"},"image":{"@id":"https:\/\/bravarmont.hr\/de\/ueber-uns\/#primaryimage"},"thumbnailUrl":"http:\/\/bravarmont.hr\/wp-content\/uploads\/2019\/02\/o-nama.jpg","datePublished":"2019-01-26T09:02:11+00:00","dateModified":"2020-06-01T12:10:30+00:00","breadcrumb":{"@id":"https:\/\/bravarmont.hr\/de\/ueber-uns\/#breadcrumb"},"inLanguage":"de","potentialAction":[{"@type":"ReadAction","target":["https:\/\/bravarmont.hr\/de\/ueber-uns\/"]}]},{"@type":"ImageObject","inLanguage":"de","@id":"https:\/\/bravarmont.hr\/de\/ueber-uns\/#primaryimage","url":"http:\/\/bravarmont.hr\/wp-content\/uploads\/2019\/02\/o-nama.jpg","contentUrl":"http:\/\/bravarmont.hr\/wp-content\/uploads\/2019\/02\/o-nama.jpg","width":1920,"height":400},{"@type":"BreadcrumbList","@id":"https:\/\/bravarmont.hr\/de\/ueber-uns\/#breadcrumb","itemListElement":[{"@type":"ListItem","position":1,"name":"Po\u010detna stranica","item":"http:\/\/bravarmont.hr\/de\/"},{"@type":"ListItem","position":2,"name":"\u00dcber uns"}]},{"@type":"WebSite","@id":"https:\/\/bravarmont.hr\/#website","url":"https:\/\/bravarmont.hr\/","name":"Bravar-mont d.o.o.","description":"","publisher":{"@id":"https:\/\/bravarmont.hr\/#organization"},"potentialAction":[{"@type":"SearchAction","target":{"@type":"EntryPoint","urlTemplate":"https:\/\/bravarmont.hr\/?s={search_term_string}"},"query-input":{"@type":"PropertyValueSpecification","valueRequired":true,"valueName":"search_term_string"}}],"inLanguage":"de"},{"@type":"Organization","@id":"https:\/\/bravarmont.hr\/#organization","name":"Bravar-mont d.o.o.","url":"https:\/\/bravarmont.hr\/","logo":{"@type":"ImageObject","inLanguage":"de","@id":"https:\/\/bravarmont.hr\/#\/schema\/logo\/image\/","url":"http:\/\/bravarmont.hr\/wp-content\/uploads\/2019\/01\/logotip-e1547736673185.png","contentUrl":"http:\/\/bravarmont.hr\/wp-content\/uploads\/2019\/01\/logotip-e1547736673185.png","width":250,"height":137,"caption":"Bravar-mont d.o.o."},"image":{"@id":"https:\/\/bravarmont.hr\/#\/schema\/logo\/image\/"}}]}},"_links":{"self":[{"href":"http:\/\/bravarmont.hr\/de\/wp-json\/wp\/v2\/pages\/446","targetHints":{"allow":["GET"]}}],"collection":[{"href":"http:\/\/bravarmont.hr\/de\/wp-json\/wp\/v2\/pages"}],"about":[{"href":"http:\/\/bravarmont.hr\/de\/wp-json\/wp\/v2\/types\/page"}],"author":[{"embeddable":true,"href":"http:\/\/bravarmont.hr\/de\/wp-json\/wp\/v2\/users\/1"}],"replies":[{"embeddable":true,"href":"http:\/\/bravarmont.hr\/de\/wp-json\/wp\/v2\/comments?post=446"}],"version-history":[{"count":3,"href":"http:\/\/bravarmont.hr\/de\/wp-json\/wp\/v2\/pages\/446\/revisions"}],"predecessor-version":[{"id":802,"href":"http:\/\/bravarmont.hr\/de\/wp-json\/wp\/v2\/pages\/446\/revisions\/802"}],"wp:featuredmedia":[{"embeddable":true,"href":"http:\/\/bravarmont.hr\/de\/wp-json\/wp\/v2\/media\/339"}],"wp:attachment":[{"href":"http:\/\/bravarmont.hr\/de\/wp-json\/wp\/v2\/media?parent=446"}],"curies":[{"name":"wp","href":"https:\/\/api.w.org\/{rel}","templated":true}]}}